{"id":16,"date":"2025-06-21T17:21:43","date_gmt":"2025-06-21T17:21:43","guid":{"rendered":"https:\/\/nakliyedosemealti.com\/?page_id=16"},"modified":"2025-08-12T15:20:08","modified_gmt":"2025-08-12T12:20:08","slug":"anasayfa","status":"publish","type":"page","link":"https:\/\/nakliyedosemealti.com\/","title":{"rendered":"Anasayfa"},"content":{"rendered":"\n<div class=\"wp-block-group alignfull has-white-background-color has-background is-layout-constrained wp-block-group-is-layout-constrained\" style=\"padding-top:0rem;padding-bottom:0rem\">\n<div class=\"wp-block-media-text alignfull is-stacked-on-mobile has-ethernal-constance-gradient-background has-background\" id=\"anasayfa\"><figure class=\"wp-block-media-text__media\"><img loading=\"lazy\" decoding=\"async\" width=\"1024\" height=\"683\" src=\"https:\/\/nakliyedosemealti.com\/wp-content\/uploads\/2025\/06\/1a178542-3d80-44f2-8cdd-f62e44253959-1024x683.png\" alt=\"\" class=\"wp-image-96 size-full\" srcset=\"https:\/\/nakliyedosemealti.com\/wp-content\/uploads\/2025\/06\/1a178542-3d80-44f2-8cdd-f62e44253959-1024x683.png 1024w, https:\/\/nakliyedosemealti.com\/wp-content\/uploads\/2025\/06\/1a178542-3d80-44f2-8cdd-f62e44253959-300x200.png 300w, https:\/\/nakliyedosemealti.com\/wp-content\/uploads\/2025\/06\/1a178542-3d80-44f2-8cdd-f62e44253959-768x512.png 768w, https:\/\/nakliyedosemealti.com\/wp-content\/uploads\/2025\/06\/1a178542-3d80-44f2-8cdd-f62e44253959.png 1536w\" sizes=\"auto, (max-width: 1024px) 100vw, 1024px\" \/><\/figure><div class=\"wp-block-media-text__content\">\n<h3 class=\"wp-block-heading alignfull has-text-align-left has-white-color has-text-color has-link-color wp-elements-6be1d1b554b511b213ea6ead851fd960\" style=\"margin-top:0;margin-bottom:0px;margin-left:0;line-height:1.2\">D\u00f6\u015femealt\u0131&#8217;nda<br>G\u00fcvenilir ve H\u0131zl\u0131<br>Nakliye Hizmeti<\/h3>\n\n\n\n<p class=\"has-text-align-left has-text-color has-link-color has-medium-font-size wp-elements-a4a0c49772b9e2eb2cf860200c703a32\" style=\"color:#ffffffc4;margin-bottom:50px\">Konumdan konuma t\u00fcm ta\u015f\u0131malar\u0131n\u0131zda yan\u0131n\u0131zday\u0131z.<\/p>\n\n\n\n<div class=\"wp-block-buttons has-custom-font-size has-medium-font-size is-content-justification-left is-layout-flex wp-container-core-buttons-is-layout-3214ae3c wp-block-buttons-is-layout-flex\">\n<div class=\"wp-block-button\"><a class=\"wp-block-button__link wp-element-button\" href=\"https:\/\/wa.me\/5395944403\" target=\"_blank\" rel=\"noreferrer noopener\">\u00dccretsiz Teklif Al<\/a><\/div>\n<\/div>\n<\/div><\/div>\n<\/div>\n\n\n\n<p><\/p>\n\n\n\n<div class=\"wp-block-group is-layout-constrained wp-block-group-is-layout-constrained\">\n<h2 class=\"wp-block-heading\" id=\"hizmetlerimiz\">Hizmetlerimiz<\/h2>\n\n\n\n<div class=\"wp-block-columns is-layout-flex wp-container-core-columns-is-layout-643ced6b wp-block-columns-is-layout-flex\">\n<div class=\"wp-block-column is-layout-flow wp-block-column-is-layout-flow\">\n<div class=\"wp-block-cover is-light has-custom-content-position is-position-bottom-center\" style=\"border-radius:20px;padding-top:30px;padding-right:30px;padding-bottom:30px;padding-left:30px;min-height:650px;aspect-ratio:unset;\"><img loading=\"lazy\" decoding=\"async\" width=\"1024\" height=\"683\" class=\"wp-block-cover__image-background wp-image-51 size-large\" alt=\"\" src=\"https:\/\/nakliyedosemealti.com\/wp-content\/uploads\/2025\/06\/daf12e9e-721a-4c0a-ac65-965c603eccb4-1024x683.png\" style=\"object-position:74% 57%\" data-object-fit=\"cover\" data-object-position=\"74% 57%\" srcset=\"https:\/\/nakliyedosemealti.com\/wp-content\/uploads\/2025\/06\/daf12e9e-721a-4c0a-ac65-965c603eccb4-1024x683.png 1024w, https:\/\/nakliyedosemealti.com\/wp-content\/uploads\/2025\/06\/daf12e9e-721a-4c0a-ac65-965c603eccb4-300x200.png 300w, https:\/\/nakliyedosemealti.com\/wp-content\/uploads\/2025\/06\/daf12e9e-721a-4c0a-ac65-965c603eccb4-768x512.png 768w, https:\/\/nakliyedosemealti.com\/wp-content\/uploads\/2025\/06\/daf12e9e-721a-4c0a-ac65-965c603eccb4.png 1536w\" sizes=\"auto, (max-width: 1024px) 100vw, 1024px\" \/><span aria-hidden=\"true\" class=\"wp-block-cover__background has-background-dim-0 has-background-dim\"><\/span><div class=\"wp-block-cover__inner-container is-layout-constrained wp-container-core-cover-is-layout-edcd9cee wp-block-cover-is-layout-constrained\">\n<div class=\"wp-block-group has-white-background-color has-background is-layout-constrained wp-container-core-group-is-layout-edcd9cee wp-block-group-is-layout-constrained\" style=\"border-radius:10px;padding-top:30px;padding-right:30px;padding-bottom:30px;padding-left:30px\">\n<h2 class=\"wp-block-heading has-black-color has-text-color has-link-color has-medium-font-size wp-elements-1292da3c92c343f216e4558c8acd0396\" style=\"margin-top:0\">Par\u00e7a Y\u00fck Ta\u015f\u0131mac\u0131l\u0131\u011f\u0131<\/h2>\n\n\n\n<p class=\"has-text-color has-link-color wp-elements-d069e3b2dfc5da268cdbd7ab4c82953d\" style=\"color:#000000a8;margin-bottom:30px\">E\u015fyalar\u0131n\u0131z\u0131 D\u00f6\u015femealt\u0131 i\u00e7inde veya Antalya genelinde g\u00fcvenli \u015fekilde yeni adresinize ta\u015f\u0131yoruz.<\/p>\n\n\n\n<p><\/p>\n<\/div>\n<\/div><\/div>\n<\/div>\n\n\n\n<div class=\"wp-block-column is-layout-flow wp-block-column-is-layout-flow\">\n<div class=\"wp-block-cover is-light has-custom-content-position is-position-bottom-center\" style=\"border-radius:20px;padding-top:30px;padding-right:30px;padding-bottom:30px;padding-left:30px;min-height:650px;aspect-ratio:unset;\"><img loading=\"lazy\" decoding=\"async\" width=\"1024\" height=\"683\" class=\"wp-block-cover__image-background wp-image-52 size-large\" alt=\"\" src=\"https:\/\/nakliyedosemealti.com\/wp-content\/uploads\/2025\/06\/084ef4c3-c95f-4cdb-af28-1795112e1c55-1024x683.png\" style=\"object-position:83% 31%\" data-object-fit=\"cover\" data-object-position=\"83% 31%\" srcset=\"https:\/\/nakliyedosemealti.com\/wp-content\/uploads\/2025\/06\/084ef4c3-c95f-4cdb-af28-1795112e1c55-1024x683.png 1024w, https:\/\/nakliyedosemealti.com\/wp-content\/uploads\/2025\/06\/084ef4c3-c95f-4cdb-af28-1795112e1c55-300x200.png 300w, https:\/\/nakliyedosemealti.com\/wp-content\/uploads\/2025\/06\/084ef4c3-c95f-4cdb-af28-1795112e1c55-768x512.png 768w, https:\/\/nakliyedosemealti.com\/wp-content\/uploads\/2025\/06\/084ef4c3-c95f-4cdb-af28-1795112e1c55.png 1536w\" sizes=\"auto, (max-width: 1024px) 100vw, 1024px\" \/><span aria-hidden=\"true\" class=\"wp-block-cover__background has-background-dim-0 has-background-dim\"><\/span><div class=\"wp-block-cover__inner-container is-layout-constrained wp-container-core-cover-is-layout-edcd9cee wp-block-cover-is-layout-constrained\">\n<div class=\"wp-block-group has-white-background-color has-background is-layout-constrained wp-container-core-group-is-layout-edcd9cee wp-block-group-is-layout-constrained\" style=\"border-radius:10px;padding-top:30px;padding-right:30px;padding-bottom:30px;padding-left:30px\">\n<h2 class=\"wp-block-heading has-black-color has-text-color has-link-color has-medium-font-size wp-elements-216472646104fbb782f46bc9aff3591b\" style=\"margin-top:0\">Par\u00e7a E\u015fya Ta\u015f\u0131ma<\/h2>\n\n\n\n<p class=\"has-text-color has-link-color wp-elements-026a55ade6d782d2485f6afff8960803\" style=\"color:#000000a8;margin-bottom:30px\">Az say\u0131da e\u015fya i\u00e7in ekonomik ta\u015f\u0131ma \u00e7\u00f6z\u00fcmleri. \u00d6\u011frenci e\u015fyas\u0131, tek par\u00e7a beyaz e\u015fya, kolili evraklar gibi ihtiya\u00e7lar i\u00e7in idealdir.<\/p>\n<\/div>\n<\/div><\/div>\n<\/div>\n\n\n\n<div class=\"wp-block-column is-layout-flow wp-block-column-is-layout-flow\">\n<div class=\"wp-block-cover is-light has-custom-content-position is-position-bottom-center\" style=\"border-radius:20px;padding-top:30px;padding-right:30px;padding-bottom:30px;padding-left:30px;min-height:650px;aspect-ratio:unset;\"><img loading=\"lazy\" decoding=\"async\" width=\"1024\" height=\"683\" class=\"wp-block-cover__image-background wp-image-53 size-large\" alt=\"\" src=\"https:\/\/nakliyedosemealti.com\/wp-content\/uploads\/2025\/06\/97f80153-d46d-4bbf-b855-ac2102715c29-1024x683.png\" style=\"object-position:98% 53%\" data-object-fit=\"cover\" data-object-position=\"98% 53%\" srcset=\"https:\/\/nakliyedosemealti.com\/wp-content\/uploads\/2025\/06\/97f80153-d46d-4bbf-b855-ac2102715c29-1024x683.png 1024w, https:\/\/nakliyedosemealti.com\/wp-content\/uploads\/2025\/06\/97f80153-d46d-4bbf-b855-ac2102715c29-300x200.png 300w, https:\/\/nakliyedosemealti.com\/wp-content\/uploads\/2025\/06\/97f80153-d46d-4bbf-b855-ac2102715c29-768x512.png 768w, https:\/\/nakliyedosemealti.com\/wp-content\/uploads\/2025\/06\/97f80153-d46d-4bbf-b855-ac2102715c29.png 1536w\" sizes=\"auto, (max-width: 1024px) 100vw, 1024px\" \/><span aria-hidden=\"true\" class=\"wp-block-cover__background has-background-dim-0 has-background-dim\"><\/span><div class=\"wp-block-cover__inner-container is-layout-constrained wp-container-core-cover-is-layout-edcd9cee wp-block-cover-is-layout-constrained\">\n<div class=\"wp-block-group has-white-background-color has-background is-layout-constrained wp-container-core-group-is-layout-edcd9cee wp-block-group-is-layout-constrained\" style=\"border-radius:10px;padding-top:30px;padding-right:30px;padding-bottom:30px;padding-left:30px\">\n<h2 class=\"wp-block-heading has-black-color has-text-color has-link-color has-medium-font-size wp-elements-20996c8212382bbf6a9017143775ebba\" style=\"margin-top:0\">Ofis ve Kurumsal Ta\u015f\u0131mac\u0131l\u0131k<\/h2>\n\n\n\n<p class=\"has-text-color has-link-color wp-elements-12c911b3859db89142b45a51d227b2a9\" style=\"color:#000000a8;margin-bottom:30px\">\u015eirketinizin t\u00fcm ta\u015f\u0131nma s\u00fcrecini planl\u0131yoruz. Belgeler, cihazlar, mobilyalar ve ar\u015fivler zarar g\u00f6rmeden yeni adresinize ta\u015f\u0131n\u0131r.<\/p>\n<\/div>\n<\/div><\/div>\n<\/div>\n<\/div>\n\n\n\n<footer class=\"wp-block-group alignfull has-ethernal-constance-gradient-background has-text-color has-background has-small-font-size is-layout-flow wp-container-core-group-is-layout-74622cc8 wp-block-group-is-layout-flow\" id=\"ileti\u015fim\" style=\"border-style:none;border-width:0px;border-radius:19px;color:#ffffff;min-height:0px;margin-top:0;margin-bottom:0;padding-top:27px;padding-right:20px;padding-bottom:27px;padding-left:20px\">\n<h2 class=\"wp-block-heading alignwide has-text-align-center has-palette-color-8-color has-text-color has-link-color wp-elements-8e1917fc7ef115c58b05124a7541396a\" id=\"ileti\u015fim\" style=\"margin-top:0;margin-right:0;margin-bottom:0;margin-left:0;font-size:clamp(21.536px, 1.346rem + ((1vw - 3.2px) * 1.052), 35px);\">\u0130leti\u015fim<\/h2>\n\n\n\n<p class=\"has-text-align-center has-medium-font-size\">D\u00f6\u015femealt\u0131 \u015eubesi: <a href=\"tel:905395944403\">+90 539 594 44 03<\/a><br>Konya \u015eubesi: <a href=\"tel:905324427949\">+90 532 442 79 49<\/a><\/p>\n<\/footer>\n<\/div>\n\n\n\n<p><\/p>\n","protected":false},"excerpt":{"rendered":"<p>D\u00f6\u015femealt\u0131&#8217;ndaG\u00fcvenilir ve H\u0131zl\u0131Nakliye Hizmeti Konumdan konuma t\u00fcm ta\u015f\u0131malar\u0131n\u0131zda yan\u0131n\u0131zday\u0131z. Hizmetlerimiz \u0130leti\u015fim D\u00f6\u015femealt\u0131 \u015eubesi: +90 539 594 44 03Konya \u015eubesi: +90 532 442 79 49<\/p>\n","protected":false},"author":1,"featured_media":0,"parent":0,"menu_order":0,"comment_status":"closed","ping_status":"closed","template":"","meta":{"footnotes":""},"class_list":["post-16","page","type-page","status-publish","hentry"],"blocksy_meta":[],"_links":{"self":[{"href":"https:\/\/nakliyedosemealti.com\/index.php\/wp-json\/wp\/v2\/pages\/16","targetHints":{"allow":["GET"]}}],"collection":[{"href":"https:\/\/nakliyedosemealti.com\/index.php\/wp-json\/wp\/v2\/pages"}],"about":[{"href":"https:\/\/nakliyedosemealti.com\/index.php\/wp-json\/wp\/v2\/types\/page"}],"author":[{"embeddable":true,"href":"https:\/\/nakliyedosemealti.com\/index.php\/wp-json\/wp\/v2\/users\/1"}],"replies":[{"embeddable":true,"href":"https:\/\/nakliyedosemealti.com\/index.php\/wp-json\/wp\/v2\/comments?post=16"}],"version-history":[{"count":35,"href":"https:\/\/nakliyedosemealti.com\/index.php\/wp-json\/wp\/v2\/pages\/16\/revisions"}],"predecessor-version":[{"id":105,"href":"https:\/\/nakliyedosemealti.com\/index.php\/wp-json\/wp\/v2\/pages\/16\/revisions\/105"}],"wp:attachment":[{"href":"https:\/\/nakliyedosemealti.com\/index.php\/wp-json\/wp\/v2\/media?parent=16"}],"curies":[{"name":"wp","href":"https:\/\/api.w.org\/{rel}","templated":true}]}}